{"id":36,"date":"2021-12-05T13:12:41","date_gmt":"2021-12-05T12:12:41","guid":{"rendered":"http:\/\/raymansoutfit.com\/?page_id=36"},"modified":"2022-06-05T11:22:58","modified_gmt":"2022-06-05T10:22:58","slug":"agbs","status":"publish","type":"page","link":"https:\/\/raymansoutfit.com\/title\/agbs\/","title":{"rendered":"AGBs"},"content":{"rendered":"\t\t<div data-elementor-type=\"wp-page\" data-elementor-id=\"36\" class=\"elementor elementor-36\">\n\t\t\t\t\t\t<section class=\"elementor-section elementor-top-section elementor-element elementor-element-09121cd elementor-section-boxed elementor-section-height-default elementor-section-height-default\" data-id=\"09121cd\" data-element_type=\"section\" data-e-type=\"section\">\n\t\t\t\t\t\t<div class=\"elementor-container elementor-column-gap-default\">\n\t\t\t\t\t<div class=\"elementor-column elementor-col-100 elementor-top-column elementor-element elementor-element-39013aa\" data-id=\"39013aa\" data-element_type=\"column\" data-e-type=\"column\">\n\t\t\t<div class=\"elementor-widget-wrap elementor-element-populated\">\n\t\t\t\t\t\t<div class=\"elementor-element elementor-element-c704c95 elementor-widget elementor-widget-heading\" data-id=\"c704c95\" data-element_type=\"widget\" data-e-type=\"widget\" data-widget_type=\"heading.default\">\n\t\t\t\t<div class=\"elementor-widget-container\">\n\t\t\t\t\t<h1 class=\"elementor-heading-title elementor-size-default\">AGB's von Rayman's Outfit<\/h1>\t\t\t\t<\/div>\n\t\t\t\t<\/div>\n\t\t\t\t\t<\/div>\n\t\t<\/div>\n\t\t\t\t\t<\/div>\n\t\t<\/section>\n\t\t\t\t<section class=\"elementor-section elementor-top-section elementor-element elementor-element-1863b51 elementor-section-boxed elementor-section-height-default elementor-section-height-default\" data-id=\"1863b51\" data-element_type=\"section\" data-e-type=\"section\">\n\t\t\t\t\t\t<div class=\"elementor-container elementor-column-gap-default\">\n\t\t\t\t\t<div class=\"elementor-column elementor-col-100 elementor-top-column elementor-element elementor-element-d316e81\" data-id=\"d316e81\" data-element_type=\"column\" data-e-type=\"column\">\n\t\t\t<div class=\"elementor-widget-wrap elementor-element-populated\">\n\t\t\t\t\t\t<div class=\"elementor-element elementor-element-fc4d71c elementor-widget elementor-widget-text-editor\" data-id=\"fc4d71c\" data-element_type=\"widget\" data-e-type=\"widget\" data-widget_type=\"text-editor.default\">\n\t\t\t\t<div class=\"elementor-widget-container\">\n\t\t\t\t\t\t\t\t\t<p><span style=\"font-weight: 400;\">Willkommen bei Rayman\u2019s Outfit!<\/span><\/p><p>\u00a0<\/p><h2><span style=\"font-weight: 400;\">Diese Allgemeinen Gesch\u00e4ftsbedingungen beschreiben die Regeln und Bestimmungen f\u00fcr die Nutzung der Rayman\u2019s Outfit Website, die sich auf www.RaymansOutfit.com befindet.\u00a0<\/span><\/h2><p><span style=\"font-weight: 400;\">Mit dem Zugriff auf diese Website nehmen wir an, dass Sie diese Gesch\u00e4ftsbedingungen akzeptieren. Bitte verwenden Sie Rayman\u2019sOutfit.com nicht weiter, wenn Sie nicht damit einverstanden sind, alle auf dieser Seite genannten Gesch\u00e4ftsbedingungen zu erf\u00fcllen.<\/span><\/p><p>\u00a0<\/p><p><span style=\"font-weight: 400;\">Die folgende Terminologie gilt f\u00fcr diese Allgemeinen Gesch\u00e4ftsbedingungen, Datenschutzerkl\u00e4rung und Haftungsausschluss sowie f\u00fcr alle Vereinbarungen: <\/span><span style=\"font-weight: 400;\"><br \/><\/span><span style=\"font-weight: 400;\">\u201eKunden&#8220;, \u201eSie und \u201eIhr&#8220; bezieht sich auf Sie, die Person, die sich auf dieser Website anmeldet und den Gesch\u00e4ftsbedingungen des Unternehmens entspricht. <\/span><span style=\"font-weight: 400;\"><br \/><\/span><span style=\"font-weight: 400;\">\u201eDas Unternehmen, \u201eWir selbst&#8220;, \u201eWir&#8220;, \u201eUnser&#8220; und \u201eWir&#8220; beziehen sich auf unser Unternehmen. \u201ePartei&#8220;, \u201eParteien&#8220; oder \u201eWir&#8220; bezieht sich sowohl auf den Kunden als auch auf uns. Alle Bedingungen beziehen sich auf das Angebot, die Annahme und die Ber\u00fccksichtigung der Zahlung, die erforderlich ist, um den Prozess unserer Unterst\u00fctzung f\u00fcr den Kunden in der am besten geeigneten Weise durchzuf\u00fchren, um den Bed\u00fcrfnissen des Kunden in Bezug auf die Erbringung der von der Gesellschaft angegebenen Dienstleistungen zu entsprechen, gem\u00e4\u00df und vorbehaltlich des geltenden Rechts Deutschlands. Jegliche Verwendung der oben genannten Terminologie oder anderer W\u00f6rter in der Singular-, Plural-, Kapitalisierung-Schreibweise &#8211; und\/oder er\/sie oder sie werden als austauschbar und daher als gleichartig bezeichnet.<\/span><\/p><p>\u00a0<\/p><p><b>Cookies<\/b><\/p><p><span style=\"font-weight: 400;\">Wir setzen Cookies ein. Durch den Zugriff auf Rayman\u2019s Outfit erkl\u00e4ren Sie sich damit einverstanden, Cookies in \u00dcbereinstimmung mit der Rayman\u2019s Outfit-Datenschutzrichtlinie zu verwenden. Die meisten interaktiven Websites und auch wir verwenden Cookies, damit wir die Nutzerdaten f\u00fcr jeden Besuch abrufen k\u00f6nnen. Cookies werden von unserer Website verwendet, um die Funktionalit\u00e4t bestimmter Bereiche zu erm\u00f6glichen und um den Besuch unserer Website zu erleichtern. Einige unserer Partner\/Werbepartner k\u00f6nnen auch Cookies verwenden.<\/span><\/p><p>\u00a0<\/p><p><b>Urheberrecht<\/b><\/p><p>\u00a0<\/p><p><span style=\"font-weight: 400;\">Die auf Rayman\u2019s Outfit erstellten und ver\u00f6ffentlichten Werke und Inhalte unterliegen dem deutschen Urheberrecht. Eine Vervielf\u00e4ltigung, Bearbeitung, Verbreitung sowie au\u00dferdem jede andere Art der kommerziellen Verwertung ist nur mit vorheriger schriftlicher Zustimmung gestattet, jedoch sind Downloads oder Kopien der Rayman\u2019s Outfit Website-Inhalte aber f\u00fcr den privaten, nicht-kommerziellen Gebrauch gestattet.<\/span><\/p><p>\u00a0<\/p><p><span style=\"font-weight: 400;\">Die Betreiber der Website Rayman\u2019s Outfit sind stets bem\u00fcht, die Urheberrechte anderer zu beachten und greifen daher vorzugsweise auf selbst erstellte oder lizenzfreie Werke zur\u00fcck.\u00a0<\/span><\/p><p><span style=\"font-weight: 400;\">Sollten jedoch unwissentlich Rechte Dritter verletzt worden sein, bitten wir um umgehende Information. Wir werden diese Inhalte nochmals \u00fcberpr\u00fcfen und, falls n\u00f6tig, umgehend entfernen.<\/span><\/p><p><b>Lizenz<\/b><\/p><p><span style=\"font-weight: 400;\">Sofern nicht anders angegeben, besitzen Rayman\u2019s Outfit und\/oder deren Lizenzgeber die Rechte an geistigem Eigentum f\u00fcr alle Materialien auf Rayman\u2019s Outfit. Alle Rechte an geistigem Eigentum sind vorbehalten. Sie k\u00f6nnen diese von Rayman\u2019s Outfit f\u00fcr Ihren pers\u00f6nlichen Gebrauch unter Einschr\u00e4nkungen dieser Bedingungen nutzen.<\/span><\/p><p><span style=\"font-weight: 400;\">Sie d\u00fcrfen nicht:<\/span><\/p><p><span style=\"font-weight: 400;\">Material von Rayman\u2019s Outfit republizieren,<\/span><\/p><p><span style=\"font-weight: 400;\">Verkaufs-, Miet- oder Sublizenzmaterial oder andere Inhalte von Rayman\u2019s Outfit reproduzieren, duplizieren, kopieren oder weiterverkaufen.<\/span><\/p><p>\u00a0<\/p><p><span style=\"font-weight: 400;\">Diese Vereinbarung beginnt mit dem Datum dieser Website.\u00a0<\/span><\/p><p><span style=\"font-weight: 400;\">Unsere Allgemeinen Gesch\u00e4ftsbedingungen wurden mithilfe der H-Supertools Allgemeine Gesch\u00e4ftsbedingungen Generator erstellt.\u00a0<\/span><\/p><p><span style=\"font-weight: 400;\">Alle gesch\u00e4ftlichen Unternehmungen von Rayman\u2019s Outfit basieren auf dem geltenden Recht der Bundesrepublik Deutschland, Gerichtsstand ist Berlin Charlottenburg.<\/span><\/p><p>\u00a0<\/p><p><b>Kommentarfunktionen:<\/b><span style=\"font-weight: 400;\"><br \/><\/span><span style=\"font-weight: 400;\">F\u00fcr den Fall, da\u00df Rayman\u2019s Outfit zuk\u00fcnftig einen Blog mit Kommentarfunktion aufsetzt, treten dann folgende Bedingungen in Kraft: (Zum Stand Juni 2022 ist noch kein Blog geplant)<\/span><\/p><p><span style=\"font-weight: 400;\">Teile dieser Website bieten eine M\u00f6glichkeit f\u00fcr die Benutzer, um Meinungen und Informationen in bestimmten Bereichen der Website zu ver\u00f6ffentlichen und auszutauschen. Rayman\u2019s Outfit filtert Bewertungen und Kommentare vor ihrer Anwesenheit auf der Website. Kommentare von Nutzern widerspiegeln nicht die Ansichten und Meinungen von Rayman\u2019s Outfit, seinen Agenten und \/ oder verbundenen Unternehmen. Kommentare spiegeln die Ansichten und Meinungen der Person, die ihre Ansichten und Meinungen kundtun. <\/span><span style=\"font-weight: 400;\"><br \/><\/span><span style=\"font-weight: 400;\">Soweit durch geltende Gesetze zul\u00e4ssig, schlie\u00dft Rayman\u2019s Outfit jegliche Haftung oder Geltendmachung von Sch\u00e4den durch Kommentare und\/oder resultierende Sch\u00e4den oder verursachte Aufwendungen, die als Folge der Nutzung und\/oder Ver\u00f6ffentlichung der Kommentare auf dieser Website verursacht und erlitten wurden, aus.<\/span><\/p><p>\u00a0<\/p><p><span style=\"font-weight: 400;\">Rayman\u2019s Outfit beh\u00e4lt sich das Recht vor, alle Kommentare zu \u00fcberwachen und Kommentare zu entfernen, die als unangemessen, anst\u00f6\u00dfig oder gegen diese Allgemeinen Gesch\u00e4ftsbedingungen versto\u00dfen k\u00f6nnen.<\/span><\/p><p><span style=\"font-weight: 400;\">Sie garantieren und stellen sicher, dass:<\/span><\/p><p><span style=\"font-weight: 400;\">Sie berechtigt sind, die Kommentare auf unserer Website zu ver\u00f6ffentlichen und alle notwendigen Lizenzen und Einwilligungen daf\u00fcr zu haben;<\/span><\/p><p><span style=\"font-weight: 400;\">Die Kommentare dringen nicht in ein geistiges Eigentumsrecht ein, einschlie\u00dflich ohne Einschr\u00e4nkung betreffend Urheberrecht, Patent- oder Markenrechte von Dritten;<\/span><\/p><p><span style=\"font-weight: 400;\">Die Kommentare enthalten keine diffamierenden, beleidigenden, anst\u00f6\u00dfigen, unanst\u00e4ndigen oder anderweitig rechtswidrigen Materialien, die eine Verletzung der Privatsph\u00e4re darstellen.<\/span><\/p><p><span style=\"font-weight: 400;\">Die Kommentare werden nicht verwendet, um gesch\u00e4ftliche oder kundenspezifische oder gegenw\u00e4rtige kommerzielle Aktivit\u00e4ten oder rechtswidrige Aktivit\u00e4ten anzufordern oder zu f\u00f6rdern.<\/span><\/p><p>\u00a0<\/p><p><span style=\"font-weight: 400;\">Hiermit gew\u00e4hren Sie Rayman\u2019s Outfit und anderen Nutzern eine nicht ausschlie\u00dfliche Lizenz zur Nutzung, Reproduktion, Bearbeitung und Genehmigung zur Nutzung, Reproduktion und Bearbeitung Ihrer Kommentare in allen Formen, Formaten oder Medien.<\/span><\/p><p>\u00a0<\/p><p><b>Verkn\u00fcpfung mit unseren Inhalten<\/b><\/p><p><span style=\"font-weight: 400;\">Die folgenden Organisationen k\u00f6nnen ohne vorherige schriftliche Zustimmung auf unsere Website verlinken:<\/span><\/p><p><span style=\"font-weight: 400;\">Regierungsagenturen;<\/span><\/p><p><span style=\"font-weight: 400;\">Suchmaschinen;<\/span><\/p><p><span style=\"font-weight: 400;\">News-Organisationen;<\/span><\/p><p><span style=\"font-weight: 400;\">Online-Verzeichnisverteiler k\u00f6nnen auf unsere Website in der gleichen Weise wie sie\u00a0<\/span><\/p><p><span style=\"font-weight: 400;\">Hyperlinks zu den Websites von anderen gelisteten Unternehmen setzen, verweisen;<\/span><\/p><p><span style=\"font-weight: 400;\">F\u00fcr akkreditierte Unternehmen au\u00dfer gemeinn\u00fctzige Organisationen, Wohlt\u00e4tigkeits-Shopping-Malls und Wohlt\u00e4tigkeits-Fundraising-Gruppen gilt, die nicht Hyperlinks zu unserer Website setzen:<\/span><\/p><p><span style=\"font-weight: 400;\">Diese Organisationen k\u00f6nnen Links zu unserer Homepage, zu Publikationen oder zu anderen Website-Informationen so lange, wie der Link: (a) ist in keiner Weise tr\u00fcgerisch; (b) nicht f\u00e4lschlich impliziert: Sponsoring, Billigung oder Genehmigung der Linking-Partei und ihrer Produkte und\/oder Dienstleistungen; und (c) passt im Kontext der Linking-Partei-Website.<\/span><\/p><p>\u00a0<\/p><p><span style=\"font-weight: 400;\">Wir k\u00f6nnen andere Link-Anfragen von den folgenden Arten von Organisationen betrachten und genehmigen:<\/span><\/p><p><span style=\"font-weight: 400;\">Allgemeine Verbraucher- und\/oder Unternehmensinformationsquellen;\u00a0<\/span><\/p><p><span style=\"font-weight: 400;\">dot.com Community Sites;<\/span><\/p><p><span style=\"font-weight: 400;\">Verb\u00e4nde oder andere Gruppen, die Wohlt\u00e4tigkeitsorganisationen vertreten;<\/span><\/p><p><span style=\"font-weight: 400;\">Vertrieb von Online-Verzeichnissen;<\/span><\/p><p><span style=\"font-weight: 400;\">Internetportale;<\/span><\/p><p><span style=\"font-weight: 400;\">Buchhaltungs-, Rechts- und Beratungsfirmen;<\/span><\/p><p><span style=\"font-weight: 400;\">Bildungseinrichtungen und Berufsverb\u00e4nde.<\/span><\/p><p>\u00a0<\/p><p><span style=\"font-weight: 400;\">Wir werden Linkanfragen von diesen Organisationen genehmigen oder ablehnen, wenn wir entscheiden, dass:\u00a0<\/span><\/p><p><span style=\"font-weight: 400;\">(a) der Link f\u00fcr uns selbst ung\u00fcnstig w\u00e4re oder unsere akkreditierten Unternehmen nicht ung\u00fcnstig aussehen lassen w\u00fcrde;\u00a0<\/span><\/p><p><span style=\"font-weight: 400;\">(b) die Organisation hat keine negativen Aufzeichnungen mit uns;\u00a0<\/span><\/p><p><span style=\"font-weight: 400;\">(c) der Nutzen f\u00fcr uns von der Sichtbarkeit des Hyperlinks entsch\u00e4digt die Abwesenheit von Rayman\u2019s Outfit; und\u00a0<\/span><\/p><p><span style=\"font-weight: 400;\">(d) der Link ist im Zusammenhang mit allgemeinen Ressourceninformationen gesetzt.<\/span><\/p><p><span style=\"font-weight: 400;\">Diese Organisationen k\u00f6nnen auf unsere Homepage verweisen, solange der Link:\u00a0<\/span><\/p><p><span style=\"font-weight: 400;\">(a) nicht in irgendeiner Weise tr\u00fcgerisch ist;\u00a0<\/span><\/p><p><span style=\"font-weight: 400;\">(b) nicht f\u00e4lschlicherweise Sponsoring, Billigung oder Genehmigung der verbindenden Partei und ihrer Produkte oder Dienstleistungen impliziert; und<\/span><\/p><p><span style=\"font-weight: 400;\">(c) passt im Zusammenhang mit der Linking-Seite.<\/span><\/p><p>\u00a0<\/p><p><span style=\"font-weight: 400;\">Wenn Sie einer der in Absatz 2 genannten Organisationen sind und an einer Verlinkung zu unserer Website interessiert sind, m\u00fcssen Sie uns durch eine E-Mail an Rayman\u2019s Outfit informieren. Bitte geben Sie Ihren Namen, Ihren Organisationsnamen, Kontaktinformationen sowie die URL Ihrer Website an, eine Liste aller URLs, von denen Sie auf unsere Website verlinken wollen, und eine Liste der URLs auf unserer Website, auf die Sie verlinken m\u00f6chten. Warten Sie 2-3 Wochen auf eine Antwort.<\/span><span style=\"font-weight: 400;\"><br \/><\/span><span style=\"font-weight: 400;\">Genehmigte Organisationen k\u00f6nnen Hyperlink auf unsere Website wie folgt setzen:<\/span><span style=\"font-weight: 400;\"><br \/><\/span><span style=\"font-weight: 400;\">Durch die Verwendung unseres Firmennamens; oder<\/span><\/p><p><span style=\"font-weight: 400;\">Durch die Verwendung des einheitlichen Ressourcen-Lokators, mit dem Sie verkn\u00fcpft werden; oder<\/span><\/p><p><span style=\"font-weight: 400;\">Durch die Verwendung einer anderen Beschreibung unserer Website, die im Kontext und Format von Inhalten auf der Website der Linkenden verkn\u00fcpft wird und sinnvoll erscheint.<\/span><\/p><p><span style=\"font-weight: 400;\">Keine Verwendung von Rayman\u2019s Outfit, Logo oder anderen Kunstwerken wird erlaubt, ohne eine Markenlizenzvereinbarung zu verkn\u00fcpfen.<\/span><\/p><p>\u00a0<\/p><p><b>iFrames<\/b><\/p><p><span style=\"font-weight: 400;\">Ohne vorherige Zustimmung und schriftliche Genehmigung d\u00fcrfen Sie keine Frames rund um unsere Webseiten erstellen, die die visuelle Darstellung oder das Erscheinungsbild unserer Website in irgendeiner Weise ver\u00e4ndern.<\/span><\/p><p>\u00a0<\/p><p><b>Inhaltshaftung<\/b><\/p><p><span style=\"font-weight: 400;\">F\u00fcr die Richtigkeit, Aktualit\u00e4t und Vollst\u00e4ndigkeit der Inhalte auf Rayman\u2019s Outfit k\u00f6nnen wir keine Gew\u00e4hr \u00fcbernehmen, auch wenn die Inhalte unserer Seiten mit gr\u00f6\u00dfter Sorgfalt erstellt werden.<\/span><\/p><p>\u00a0<\/p><p><span style=\"font-weight: 400;\">Als Diensteanbieter sind wir nach \u00a7 6 Abs.1 MDStV und \u00a7 8 Abs.1 TDG in Deutschland f\u00fcr eigene Inhalte auf unserer Website verantwortlich, aber wir sind jedoch nicht verpflichtet, die von Ihnen \u00fcbermittelten oder gespeicherten Informationen zu \u00fcberwachen oder nach Umst\u00e4nden zu forschen, die auf eine rechtswidrige T\u00e4tigkeit hinweisen.<\/span><\/p><p><span style=\"font-weight: 400;\">Die Sperrung der Nutzung von Informationen oder die Verpflichtungen zur Entfernung dieser nach den allgemeinen Gesetzen bleiben hiervon unber\u00fchrt, auch ist eine diesbez\u00fcgliche Haftung jedoch erst ab dem Zeitpunkt der Kenntnisnahme einer konkreten Rechtsverletzung m\u00f6glich.<\/span><\/p><p><span style=\"font-weight: 400;\">Bei Bekanntwerden entsprechender Rechtsverletzungen werden wir diese Inhalte umgehend entfernen.<\/span><\/p><p>\u00a0<\/p><p><span style=\"font-weight: 400;\">Wir sind auch nicht verantwortlich f\u00fcr Inhalte, die auf Ihrer Website erscheinen.<\/span><\/p><p><span style=\"font-weight: 400;\">Sie erkl\u00e4ren sich damit einverstanden, uns gegen alle Anspr\u00fcche zu sch\u00fctzen und zu verteidigen, die aus der Nutzung auf Ihrer Website aufsteigen.<\/span><\/p><p><span style=\"font-weight: 400;\">Auf einer Website, die als verleumderisch, obsz\u00f6n oder kriminell ausgelegt werden kann oder die gegen die Verletzung oder sonstige Verletzung von Rechten Dritter verst\u00f6\u00dft, sollten keine Links angezeigt werden.<\/span><\/p><p>\u00a0<\/p><p><b>Ihre Privatsph\u00e4re<\/b><\/p><p><span style=\"font-weight: 400;\">Bitte lesen Sie die Datenschutzbestimmungen<\/span><\/p><p>\u00a0<\/p><p><b>Vorbehalt der Rechte:<\/b><\/p><p><span style=\"font-weight: 400;\">Wir behalten uns das Recht vor, zu verlangen, dass Sie alle Links oder einen bestimmten Link zu unserer Website entfernen. Sie stimmen zu, alle Links zu unserer Website sofort auf Anfrage zu entfernen. Wir behalten uns auch das Recht vor, diese Allgemeinen Gesch\u00e4ftsbedingungen und ihre Verkn\u00fcpfungsrichtlinien jederzeit zu \u00e4ndern.<\/span><\/p><p>\u00a0<\/p><p><b>Haftung f\u00fcr Links auf unserer Website<\/b><\/p><p>\u00a0<\/p><p><span style=\"font-weight: 400;\">Unsere Website enth\u00e4lt Links zu externen Webseiten Dritter, auf deren Inhalte wir keinerlei Einflu\u00df haben. F\u00fcr diese fremden Inhalte k\u00f6nnen wir daher auch keine Gew\u00e4hr \u00fcbernehmen, da stets der jeweilige Betreiber oder Anbieter dieser externen Seiten verantwortlich ist.\u00a0<\/span><\/p><p>\u00a0<\/p><p><span style=\"font-weight: 400;\">Zum Zeitpunkt der Verlinkung wurden die verlinkten Seiten auf m\u00f6gliche Rechtsverst\u00f6\u00dfe \u00fcberpr\u00fcft. Rechtswidrige Inhalte waren zum Zeitpunkt der Verlinkung nicht erkennbar. Die regelm\u00e4\u00dfige, permanente Inhaltskontrolle der verlinkten Seiten ist ohne konkrete Anhaltspunkte einer Rechtsverletzung jedoch nicht zumutbar. Bei Bekanntwerden von Rechtsverletzungen werden wir solche Links umgehend entfernen.<\/span><\/p><p>\u00a0<\/p><p><b>Entfernung von Links von unserer Website<\/b><\/p><p><span style=\"font-weight: 400;\">Wenn Sie einen Link auf unserer Website finden, der aus irgendeinem Grund beleidigend ist, k\u00f6nnen Sie uns jederzeit kontaktieren und informieren. Wir werden Anfragen zur Entfernung von Links pr\u00fcfen, aber wir sind nicht dazu verpflichtet oder verpflichtet, direkt auf Sie zu reagieren.\u00a0<\/span><\/p><p><span style=\"font-weight: 400;\">Wir stellen nicht sicher, dass die Informationen auf dieser Website korrekt sind, wir garantieren nicht deren Vollst\u00e4ndigkeit oder Richtigkeit; wir versprechen auch nicht, dass die Website verf\u00fcgbar bleibt oder dass das Material auf der Website auf dem neuesten Stand gehalten wird.<\/span><\/p><p>\u00a0<\/p><p><b>Haftungsausschluss<\/b><\/p><p><span style=\"font-weight: 400;\">Soweit dies gesetzlich zul\u00e4ssig ist, schlie\u00dfen wir jegliche Haftung zu allen Erkl\u00e4rungen, Gew\u00e4hrleistungen und Bedingungen im Zusammenhang mit unserer Website und der Nutzung dieser Website aus.\u00a0<\/span><\/p><p><span style=\"font-weight: 400;\">Nichts in diesem Haftungsausschluss wird:<\/span><\/p><p><span style=\"font-weight: 400;\">beschr\u00e4nken oder ausschlie\u00dfen unsere oder Ihre Haftung f\u00fcr Tod oder Personensch\u00e4den;<\/span><\/p><p><span style=\"font-weight: 400;\">beschr\u00e4nken oder ausschlie\u00dfen unsere oder Ihre Haftung f\u00fcr Betrug oder betr\u00fcgerische Falschdarstellung;<\/span><\/p><p><span style=\"font-weight: 400;\">beschr\u00e4nken oder ausschlie\u00dfen irgendeine unserer oder Ihrer Verbindlichkeiten in irgendeiner Weise, die nach geltendem Recht nicht zul\u00e4ssig ist oder die nach geltendem Recht nicht ausgeschlossen werden d\u00fcrfen.<\/span><\/p><p><span style=\"font-weight: 400;\">Die in diesem Abschnitt und anderswo in diesem Haftungsausschluss festgelegten Haftungsbeschr\u00e4nkungen und -verbote:<\/span><\/p><ol><li><span style=\"font-weight: 400;\">a) unterliegen dem vorstehenden Absatz; und (b) regeln alle aus dem Haftungsausschluss entstehenden Verbindlichkeiten, einschlie\u00dflich der aus Vertrag, unerlaubter Handlung und wegen Verletzung gesetzlicher Pflichten.<\/span><\/li><\/ol><p><span style=\"font-weight: 400;\">Solange die Website und die Informationen und Dienstleistungen auf der Website kostenlos zur Verf\u00fcgung gestellt werden, haften wir nicht f\u00fcr Verluste oder Sch\u00e4den jeglicher Art.<\/span><\/p><p><br \/><br \/><\/p>\t\t\t\t\t\t\t\t<\/div>\n\t\t\t\t<\/div>\n\t\t\t\t\t<\/div>\n\t\t<\/div>\n\t\t\t\t\t<\/div>\n\t\t<\/section>\n\t\t\t\t<\/div>\n\t\t","protected":false},"excerpt":{"rendered":"<p>AGB&#8217;s von Rayman&#8217;s Outfit Willkommen bei Rayman\u2019s Outfit! Diese Allgemeinen Gesch\u00e4ftsbedingungen beschreiben die Regeln und Bestimmungen f\u00fcr die Nutzung der Rayman\u2019s Outfit Website, die sich auf www.RaymansOutfit.com befindet.&nbsp; Mit dem Zugriff auf diese Website nehmen wir an, dass Sie diese Gesch\u00e4ftsbedingungen akzeptieren. Bitte verwenden Sie Rayman\u2019sOutfit.com nicht weiter, wenn Sie nicht damit einverstanden sind, alle [&hellip;]<\/p>\n","protected":false},"author":1,"featured_media":0,"parent":0,"menu_order":0,"comment_status":"closed","ping_status":"closed","template":"","meta":{"site-sidebar-layout":"no-sidebar","site-content-layout":"page-builder","ast-site-content-layout":"default","site-content-style":"default","site-sidebar-style":"default","ast-global-header-display":"","ast-banner-title-visibility":"","ast-main-header-display":"","ast-hfb-above-header-display":"","ast-hfb-below-header-display":"","ast-hfb-mobile-header-display":"","site-post-title":"disabled","ast-breadcrumbs-content":"","ast-featured-img":"disabled","footer-sml-layout":"","ast-disable-related-posts":"","theme-transparent-header-meta":"","adv-header-id-meta":"","stick-header-meta":"","header-above-stick-meta":"","header-main-stick-meta":"","header-below-stick-meta":"","astra-migrate-meta-layouts":"default","ast-page-background-enabled":"default","ast-page-background-meta":{"desktop":{"background-color":"var(--ast-global-color-4)","background-image":"","background-repeat":"repeat","background-position":"center center","background-size":"auto","background-attachment":"scroll","background-type":"","background-media":"","overlay-type":"","overlay-color":"","overlay-opacity":"","overlay-gradient":""},"tablet":{"background-color":"","background-image":"","background-repeat":"repeat","background-position":"center center","background-size":"auto","background-attachment":"scroll","background-type":"","background-media":"","overlay-type":"","overlay-color":"","overlay-opacity":"","overlay-gradient":""},"mobile":{"background-color":"","background-image":"","background-repeat":"repeat","background-position":"center center","background-size":"auto","background-attachment":"scroll","background-type":"","background-media":"","overlay-type":"","overlay-color":"","overlay-opacity":"","overlay-gradient":""}},"ast-content-background-meta":{"desktop":{"background-color":"var(--ast-global-color-5)","background-image":"","background-repeat":"repeat","background-position":"center center","background-size":"auto","background-attachment":"scroll","background-type":"","background-media":"","overlay-type":"","overlay-color":"","overlay-opacity":"","overlay-gradient":""},"tablet":{"background-color":"var(--ast-global-color-5)","background-image":"","background-repeat":"repeat","background-position":"center center","background-size":"auto","background-attachment":"scroll","background-type":"","background-media":"","overlay-type":"","overlay-color":"","overlay-opacity":"","overlay-gradient":""},"mobile":{"background-color":"var(--ast-global-color-5)","background-image":"","background-repeat":"repeat","background-position":"center center","background-size":"auto","background-attachment":"scroll","background-type":"","background-media":"","overlay-type":"","overlay-color":"","overlay-opacity":"","overlay-gradient":""}},"footnotes":""},"class_list":["post-36","page","type-page","status-publish","hentry"],"_links":{"self":[{"href":"https:\/\/raymansoutfit.com\/title\/wp-json\/wp\/v2\/pages\/36","targetHints":{"allow":["GET"]}}],"collection":[{"href":"https:\/\/raymansoutfit.com\/title\/wp-json\/wp\/v2\/pages"}],"about":[{"href":"https:\/\/raymansoutfit.com\/title\/wp-json\/wp\/v2\/types\/page"}],"author":[{"embeddable":true,"href":"https:\/\/raymansoutfit.com\/title\/wp-json\/wp\/v2\/users\/1"}],"replies":[{"embeddable":true,"href":"https:\/\/raymansoutfit.com\/title\/wp-json\/wp\/v2\/comments?post=36"}],"version-history":[{"count":6,"href":"https:\/\/raymansoutfit.com\/title\/wp-json\/wp\/v2\/pages\/36\/revisions"}],"predecessor-version":[{"id":1250,"href":"https:\/\/raymansoutfit.com\/title\/wp-json\/wp\/v2\/pages\/36\/revisions\/1250"}],"wp:attachment":[{"href":"https:\/\/raymansoutfit.com\/title\/wp-json\/wp\/v2\/media?parent=36"}],"curies":[{"name":"wp","href":"https:\/\/api.w.org\/{rel}","templated":true}]}}