{"id":375,"date":"2021-12-12T09:04:35","date_gmt":"2021-12-12T08:04:35","guid":{"rendered":"https:\/\/raymansoutfit.com\/title\/?page_id=375"},"modified":"2022-05-13T19:09:01","modified_gmt":"2022-05-13T18:09:01","slug":"home","status":"publish","type":"page","link":"https:\/\/raymansoutfit.com\/title\/","title":{"rendered":"Home"},"content":{"rendered":"\t\t<div data-elementor-type=\"wp-page\" data-elementor-id=\"375\" class=\"elementor elementor-375\">\n\t\t\t\t\t\t<section class=\"elementor-section elementor-top-section elementor-element elementor-element-384948c elementor-section-boxed elementor-section-height-default elementor-section-height-default\" data-id=\"384948c\" data-element_type=\"section\" data-e-type=\"section\">\n\t\t\t\t\t\t<div class=\"elementor-container elementor-column-gap-default\">\n\t\t\t\t\t<div class=\"elementor-column elementor-col-100 elementor-top-column elementor-element elementor-element-0fc83b0\" data-id=\"0fc83b0\" data-element_type=\"column\" data-e-type=\"column\">\n\t\t\t<div class=\"elementor-widget-wrap elementor-element-populated\">\n\t\t\t\t\t\t<div class=\"elementor-element elementor-element-537296b elementor-widget elementor-widget-heading\" data-id=\"537296b\" data-element_type=\"widget\" data-e-type=\"widget\" data-widget_type=\"heading.default\">\n\t\t\t\t<div class=\"elementor-widget-container\">\n\t\t\t\t\t<h1 class=\"elementor-heading-title elementor-size-default\">Willkommen!<\/h1>\t\t\t\t<\/div>\n\t\t\t\t<\/div>\n\t\t\t\t\t<\/div>\n\t\t<\/div>\n\t\t\t\t\t<\/div>\n\t\t<\/section>\n\t\t\t\t<section class=\"elementor-section elementor-top-section elementor-element elementor-element-7d47065 elementor-section-boxed elementor-section-height-default elementor-section-height-default\" data-id=\"7d47065\" data-element_type=\"section\" data-e-type=\"section\">\n\t\t\t\t\t\t<div class=\"elementor-container elementor-column-gap-default\">\n\t\t\t\t\t<div class=\"elementor-column elementor-col-100 elementor-top-column elementor-element elementor-element-0d04e46\" data-id=\"0d04e46\" data-element_type=\"column\" data-e-type=\"column\">\n\t\t\t<div class=\"elementor-widget-wrap elementor-element-populated\">\n\t\t\t\t\t\t<div class=\"elementor-element elementor-element-608422d elementor-widget elementor-widget-image\" data-id=\"608422d\" data-element_type=\"widget\" data-e-type=\"widget\" data-widget_type=\"image.default\">\n\t\t\t\t<div class=\"elementor-widget-container\">\n\t\t\t\t\t\t\t\t\t\t\t\t\t\t\t<img decoding=\"async\" src=\"https:\/\/raymansoutfit.com\/wp-content\/uploads\/elementor\/thumbs\/IMG_3672-Christoph-Reimann-und-Assistentin-phe7jsuj6uc0ectueshbuqgzkfd5o8g7mct4yzlgv4.jpeg\" title=\"Christoph Reimann und Assistentin\" alt=\"Christoph Reimann mit Assisitentin\" loading=\"lazy\" \/>\t\t\t\t\t\t\t\t\t\t\t\t\t\t\t<\/div>\n\t\t\t\t<\/div>\n\t\t\t\t\t<\/div>\n\t\t<\/div>\n\t\t\t\t\t<\/div>\n\t\t<\/section>\n\t\t\t\t<section class=\"elementor-section elementor-top-section elementor-element elementor-element-5da69d7 elementor-section-boxed elementor-section-height-default elementor-section-height-default\" data-id=\"5da69d7\" data-element_type=\"section\" data-e-type=\"section\">\n\t\t\t\t\t\t<div class=\"elementor-container elementor-column-gap-default\">\n\t\t\t\t\t<div class=\"elementor-column elementor-col-100 elementor-top-column elementor-element elementor-element-6127cf2\" data-id=\"6127cf2\" data-element_type=\"column\" data-e-type=\"column\">\n\t\t\t<div class=\"elementor-widget-wrap elementor-element-populated\">\n\t\t\t\t\t\t<div class=\"elementor-element elementor-element-610a9c4 elementor-widget elementor-widget-heading\" data-id=\"610a9c4\" data-element_type=\"widget\" data-e-type=\"widget\" data-widget_type=\"heading.default\">\n\t\t\t\t<div class=\"elementor-widget-container\">\n\t\t\t\t\t<h2 class=\"elementor-heading-title elementor-size-default\">Unser Herz schl\u00e4gt f\u00fcr sch\u00f6nes Leder<\/h2>\t\t\t\t<\/div>\n\t\t\t\t<\/div>\n\t\t\t\t\t<\/div>\n\t\t<\/div>\n\t\t\t\t\t<\/div>\n\t\t<\/section>\n\t\t\t\t<section class=\"elementor-section elementor-top-section elementor-element elementor-element-a427d17 elementor-section-boxed elementor-section-height-default elementor-section-height-default\" data-id=\"a427d17\" data-element_type=\"section\" data-e-type=\"section\">\n\t\t\t\t\t\t<div class=\"elementor-container elementor-column-gap-default\">\n\t\t\t\t\t<div class=\"elementor-column elementor-col-33 elementor-top-column elementor-element elementor-element-9d46d17\" data-id=\"9d46d17\" data-element_type=\"column\" data-e-type=\"column\">\n\t\t\t<div class=\"elementor-widget-wrap elementor-element-populated\">\n\t\t\t\t\t\t<div class=\"elementor-element elementor-element-122b8c1 elementor-widget elementor-widget-image\" data-id=\"122b8c1\" data-element_type=\"widget\" data-e-type=\"widget\" data-widget_type=\"image.default\">\n\t\t\t\t<div class=\"elementor-widget-container\">\n\t\t\t\t\t\t\t\t\t\t\t\t\t\t\t\t<a href=\"https:\/\/raymansoutfit.com\/title\/ueber-uns\/\">\n\t\t\t\t\t\t\t<img decoding=\"async\" src=\"https:\/\/raymansoutfit.com\/wp-content\/uploads\/elementor\/thumbs\/Raymans-Logo-Stitch-pjhr9gk6ix9vlzpx1z4yv7vepm74aieqthxonsn5gu.png\" title=\"Raymans Logo Stitch\" alt=\"Raymans Outfit Logo in gen\u00e4htem Wappenschild\" loading=\"lazy\" \/>\t\t\t\t\t\t\t\t<\/a>\n\t\t\t\t\t\t\t\t\t\t\t\t\t\t\t<\/div>\n\t\t\t\t<\/div>\n\t\t\t\t\t<\/div>\n\t\t<\/div>\n\t\t\t\t<div class=\"elementor-column elementor-col-33 elementor-top-column elementor-element elementor-element-2114ce1\" data-id=\"2114ce1\" data-element_type=\"column\" data-e-type=\"column\">\n\t\t\t<div class=\"elementor-widget-wrap elementor-element-populated\">\n\t\t\t\t\t\t<div class=\"elementor-element elementor-element-1808f67 elementor-widget elementor-widget-text-editor\" data-id=\"1808f67\" data-element_type=\"widget\" data-e-type=\"widget\" data-widget_type=\"text-editor.default\">\n\t\t\t\t<div class=\"elementor-widget-container\">\n\t\t\t\t\t\t\t\t\t<h4><span style=\"color: var(--ast-global-color-1); font-size: 1rem; font-style: inherit;\">Wir sind stolz, uns mit unserem Service einen guten Namen erarbeitet zu haben und bedanken uns bei unseren Kunden f\u00fcr die langj\u00e4hrige vertrauensvolle Zusammenarbeit und die freundlichen Empfehlungen im Bekanntenkreis.<\/span><\/h4>\n<div><a href=\"https:\/\/raymansoutfit.com\/title\/ueber-uns\/\" target=\"_blank\">Christoph Reimann<\/a><br><\/div>\n<p><\/p>\t\t\t\t\t\t\t\t<\/div>\n\t\t\t\t<\/div>\n\t\t\t\t\t<\/div>\n\t\t<\/div>\n\t\t\t\t<div class=\"elementor-column elementor-col-33 elementor-top-column elementor-element elementor-element-171d570\" data-id=\"171d570\" data-element_type=\"column\" data-e-type=\"column\">\n\t\t\t<div class=\"elementor-widget-wrap elementor-element-populated\">\n\t\t\t\t\t\t<div class=\"elementor-element elementor-element-e1e7973 elementor-widget elementor-widget-image\" data-id=\"e1e7973\" data-element_type=\"widget\" data-e-type=\"widget\" data-widget_type=\"image.default\">\n\t\t\t\t<div class=\"elementor-widget-container\">\n\t\t\t\t\t\t\t\t\t\t\t\t\t\t\t\t<a href=\"https:\/\/raymansoutfit.com\/title\/kontakt\/\">\n\t\t\t\t\t\t\t<img decoding=\"async\" src=\"https:\/\/raymansoutfit.com\/wp-content\/uploads\/elementor\/thumbs\/Motorrad-phizt2ctphe949a2o0n9v0gc6r794tfuf37iijldny.png\" title=\"Motorrad\" alt=\"Vintage Motorrad Zeichnung Rayman&#039;s Outfit\" loading=\"lazy\" \/>\t\t\t\t\t\t\t\t<\/a>\n\t\t\t\t\t\t\t\t\t\t\t\t\t\t\t<\/div>\n\t\t\t\t<\/div>\n\t\t\t\t\t<\/div>\n\t\t<\/div>\n\t\t\t\t\t<\/div>\n\t\t<\/section>\n\t\t\t\t<section class=\"elementor-section elementor-top-section elementor-element elementor-element-7e29846 elementor-section-boxed elementor-section-height-default elementor-section-height-default\" data-id=\"7e29846\" data-element_type=\"section\" data-e-type=\"section\">\n\t\t\t\t\t\t<div class=\"elementor-container elementor-column-gap-default\">\n\t\t\t\t\t<div class=\"elementor-column elementor-col-33 elementor-top-column elementor-element elementor-element-e1d2f77\" data-id=\"e1d2f77\" data-element_type=\"column\" data-e-type=\"column\">\n\t\t\t<div class=\"elementor-widget-wrap elementor-element-populated\">\n\t\t\t\t\t\t<div class=\"elementor-element elementor-element-19047ba elementor-widget elementor-widget-text-editor\" data-id=\"19047ba\" data-element_type=\"widget\" data-e-type=\"widget\" data-widget_type=\"text-editor.default\">\n\t\t\t\t<div class=\"elementor-widget-container\">\n\t\t\t\t\t\t\t\t\t<p>In unserer kleinen Polsterei-Werkstatt fallen immer wieder vielf\u00e4ltige, spannende Projekte an, die wir gekonnt und mit Leidenschaft umsetzen. Alles weitere dazu findest Du unter\u00a0<br \/><a href=\"https:\/\/raymansoutfit.com\/title\/unser-service\/\" target=\"_blank\" rel=\"noopener\">Unser Service!<\/a><\/p>\t\t\t\t\t\t\t\t<\/div>\n\t\t\t\t<\/div>\n\t\t\t\t\t<\/div>\n\t\t<\/div>\n\t\t\t\t<div class=\"elementor-column elementor-col-33 elementor-top-column elementor-element elementor-element-412725b\" data-id=\"412725b\" data-element_type=\"column\" data-e-type=\"column\">\n\t\t\t<div class=\"elementor-widget-wrap elementor-element-populated\">\n\t\t\t\t\t\t<div class=\"elementor-element elementor-element-8da08ab elementor-widget elementor-widget-image\" data-id=\"8da08ab\" data-element_type=\"widget\" data-e-type=\"widget\" data-widget_type=\"image.default\">\n\t\t\t\t<div class=\"elementor-widget-container\">\n\t\t\t\t\t\t\t\t\t\t\t\t\t\t\t\t<a href=\"https:\/\/raymansoutfit.com\/title\/unser-service\/\">\n\t\t\t\t\t\t\t<img decoding=\"async\" src=\"https:\/\/raymansoutfit.com\/wp-content\/uploads\/elementor\/thumbs\/Beiwagen-pjhs1sf2i61ziwkimpz6ikij8okda3vidprid0mzxq.png\" title=\"Beiwagen\" alt=\"Beiwagen\" loading=\"lazy\" \/>\t\t\t\t\t\t\t\t<\/a>\n\t\t\t\t\t\t\t\t\t\t\t\t\t\t\t<\/div>\n\t\t\t\t<\/div>\n\t\t\t\t\t<\/div>\n\t\t<\/div>\n\t\t\t\t<div class=\"elementor-column elementor-col-33 elementor-top-column elementor-element elementor-element-0442254\" data-id=\"0442254\" data-element_type=\"column\" data-e-type=\"column\">\n\t\t\t<div class=\"elementor-widget-wrap elementor-element-populated\">\n\t\t\t\t\t\t<div class=\"elementor-element elementor-element-6a4c395 elementor-widget elementor-widget-text-editor\" data-id=\"6a4c395\" data-element_type=\"widget\" data-e-type=\"widget\" data-widget_type=\"text-editor.default\">\n\t\t\t\t<div class=\"elementor-widget-container\">\n\t\t\t\t\t\t\t\t\t<p>Wir m\u00f6gen es herzlich, pers\u00f6nlich und unkompliziert, daher:\u00a0<\/p><p><a href=\"https:\/\/raymansoutfit.com\/title\/kontakt\/\">Ruf einfach an oder komm vorbei!<\/a> Nette Kunden und interessante Auftr\u00e4ge sind hier immer sehr herzlich willkommen, wir k\u00f6nnen bestimmt weiterhelfen!<\/p>\t\t\t\t\t\t\t\t<\/div>\n\t\t\t\t<\/div>\n\t\t\t\t\t<\/div>\n\t\t<\/div>\n\t\t\t\t\t<\/div>\n\t\t<\/section>\n\t\t\t\t<\/div>\n\t\t","protected":false},"excerpt":{"rendered":"<p>Willkommen! Unser Herz schl\u00e4gt f\u00fcr sch\u00f6nes Leder Wir sind stolz, uns mit unserem Service einen guten Namen erarbeitet zu haben und bedanken uns bei unseren Kunden f\u00fcr die langj\u00e4hrige vertrauensvolle Zusammenarbeit und die freundlichen Empfehlungen im Bekanntenkreis. Christoph Reimann In unserer kleinen Polsterei-Werkstatt fallen immer wieder vielf\u00e4ltige, spannende Projekte an, die wir gekonnt und mit [&hellip;]<\/p>\n","protected":false},"author":1,"featured_media":0,"parent":0,"menu_order":0,"comment_status":"closed","ping_status":"closed","template":"","meta":{"site-sidebar-layout":"no-sidebar","site-content-layout":"page-builder","ast-site-content-layout":"default","site-content-style":"default","site-sidebar-style":"default","ast-global-header-display":"","ast-banner-title-visibility":"","ast-main-header-display":"","ast-hfb-above-header-display":"","ast-hfb-below-header-display":"","ast-hfb-mobile-header-display":"","site-post-title":"disabled","ast-breadcrumbs-content":"","ast-featured-img":"disabled","footer-sml-layout":"","ast-disable-related-posts":"","theme-transparent-header-meta":"","adv-header-id-meta":"","stick-header-meta":"","header-above-stick-meta":"","header-main-stick-meta":"","header-below-stick-meta":"","astra-migrate-meta-layouts":"default","ast-page-background-enabled":"default","ast-page-background-meta":{"desktop":{"background-color":"var(--ast-global-color-4)","background-image":"","background-repeat":"repeat","background-position":"center center","background-size":"auto","background-attachment":"scroll","background-type":"","background-media":"","overlay-type":"","overlay-color":"","overlay-opacity":"","overlay-gradient":""},"tablet":{"background-color":"","background-image":"","background-repeat":"repeat","background-position":"center center","background-size":"auto","background-attachment":"scroll","background-type":"","background-media":"","overlay-type":"","overlay-color":"","overlay-opacity":"","overlay-gradient":""},"mobile":{"background-color":"","background-image":"","background-repeat":"repeat","background-position":"center center","background-size":"auto","background-attachment":"scroll","background-type":"","background-media":"","overlay-type":"","overlay-color":"","overlay-opacity":"","overlay-gradient":""}},"ast-content-background-meta":{"desktop":{"background-color":"var(--ast-global-color-5)","background-image":"","background-repeat":"repeat","background-position":"center center","background-size":"auto","background-attachment":"scroll","background-type":"","background-media":"","overlay-type":"","overlay-color":"","overlay-opacity":"","overlay-gradient":""},"tablet":{"background-color":"var(--ast-global-color-5)","background-image":"","background-repeat":"repeat","background-position":"center center","background-size":"auto","background-attachment":"scroll","background-type":"","background-media":"","overlay-type":"","overlay-color":"","overlay-opacity":"","overlay-gradient":""},"mobile":{"background-color":"var(--ast-global-color-5)","background-image":"","background-repeat":"repeat","background-position":"center center","background-size":"auto","background-attachment":"scroll","background-type":"","background-media":"","overlay-type":"","overlay-color":"","overlay-opacity":"","overlay-gradient":""}},"footnotes":""},"class_list":["post-375","page","type-page","status-publish","hentry"],"_links":{"self":[{"href":"https:\/\/raymansoutfit.com\/title\/wp-json\/wp\/v2\/pages\/375","targetHints":{"allow":["GET"]}}],"collection":[{"href":"https:\/\/raymansoutfit.com\/title\/wp-json\/wp\/v2\/pages"}],"about":[{"href":"https:\/\/raymansoutfit.com\/title\/wp-json\/wp\/v2\/types\/page"}],"author":[{"embeddable":true,"href":"https:\/\/raymansoutfit.com\/title\/wp-json\/wp\/v2\/users\/1"}],"replies":[{"embeddable":true,"href":"https:\/\/raymansoutfit.com\/title\/wp-json\/wp\/v2\/comments?post=375"}],"version-history":[{"count":113,"href":"https:\/\/raymansoutfit.com\/title\/wp-json\/wp\/v2\/pages\/375\/revisions"}],"predecessor-version":[{"id":1200,"href":"https:\/\/raymansoutfit.com\/title\/wp-json\/wp\/v2\/pages\/375\/revisions\/1200"}],"wp:attachment":[{"href":"https:\/\/raymansoutfit.com\/title\/wp-json\/wp\/v2\/media?parent=375"}],"curies":[{"name":"wp","href":"https:\/\/api.w.org\/{rel}","templated":true}]}}